{"id":26,"date":"2014-12-29T09:46:12","date_gmt":"2014-12-29T09:46:12","guid":{"rendered":"http:\/\/identityabloodyromance.com\/?page_id=26"},"modified":"2015-01-28T20:21:51","modified_gmt":"2015-01-28T20:21:51","slug":"ausstellung","status":"publish","type":"page","link":"https:\/\/identityabloodyromance.com\/?page_id=26","title":{"rendered":"DIE AUSSTELLUNG"},"content":{"rendered":"<p><strong>Wie wirkt sich Migration auf die Gesellschaft und die Identit\u00e4ten der B\u00fcrgerinnen und B\u00fcrger aus? <\/strong><\/p>\n<p style=\"text-align: justify;\">Die Ausstellung betrachtet die lange Geschichte mosambikanisch-deutscher Identit\u00e4ten bis zur Gegenwart.<br \/>\nIn einem Bogen von 1816 bis heute werden Begegnungen, Motivationen, Interessen und Folgen des mosambikanisch-deutschen Austausches dokumentiert. Verschiedene Aspekte von Identit\u00e4t, zum Beispiel Sprache, Familie, Zugeh\u00f6rigkeitsgef\u00fchl, Profession, Sexualit\u00e4t, \u00f6konomische Interessen und Abh\u00e4ngigkeiten, spiegeln sich in den pers\u00f6nlichen Geschichten, die in der Ausstellung zu erleben und ersp\u00fcren sind. \u201eZeitzeugen\u201c beschreiben und zeigen die vielf\u00e4ltigen Spuren auf, die beide L\u00e4nder in ihren Biografien hinterlassen haben. Zudem beleuchtet die Ausstellung die heutzutage oftmals \u201everschwiegene\u201c ostdeutsche Geschichte der DDR-Gastarbeiter: Seit mehr als 20 Jahren demonstrieren sie w\u00f6chentlich in Mosambiks Hauptstadt Maputo, um von ihrer Regierung die ihnen aus der DDR-Zeit zustehenden Gelder einzufordern.<\/p>\n<p style=\"text-align: justify;\">Die Ausstellung pr\u00e4sentiert das Thema sinnlich, positiv und \u00e4sthetisch reizvoll durch k\u00fcnstlerische Mittel und die individuellen Geschichten der Portr\u00e4tierten. Sie wird der Vielschichtigkeit der Thematik gerecht. Sowohl Positives wie Negatives wird gezeigt, gleichzeitig werden Widerspr\u00fcche aufgedeckt.<\/p>\n<p style=\"text-align: justify;\">Es ist eine gesellschaftliche Notwendigkeit, diese Ausstellung weiter ins Licht der \u00d6ffentlichkeit zu bringen, denn unsere gemeinsamen Beziehungen leben weiter, genauso wie das Interesse f\u00fcreinander, und nicht zuletzt steigen auch die Investitionen deutscher Unternehmen in Mosambik.<\/p>\n<p><strong>Ziele der Ausstellung:<\/strong><\/p>\n<p style=\"text-align: justify;\">Erl\u00e4uterung und Aufarbeitung der gemeinsamen Geschichte von Deutschland\/DDR\u00a0und Mosambik. Information \u00fcber die gegenw\u00e4rtige Situation der Regressados in Mosambik (z.\u00a0B. Verzug von Versicherungsauszahlungen), der weiterhin in Deutschland lebenden ehemaligen Vertragsarbeiter und der deutsch\/mosambikanischen Kinder, deren mosambikanische V\u00e4ter als Vertragsarbeiter in der DDR lebten. Kennenlernen der geschichtlichen Zusammenh\u00e4nge, insbesondere Austausch zwischen Mosambik-Deutschland. Bildungsarbeit zum Thema \u201eIdentit\u00e4t\u201c und \u201eVermeidung von Ausgrenzung\u201c. Verbesserung der pers\u00f6nlichen Kompetenzen im Umgang mit Ausgrenzung, Perspektivwechsel, Sensibilisierung f\u00fcr ein interkulturelles Verst\u00e4ndnis, Auseinandersetzung mit der eigenen Pers\u00f6nlichkeit\/Identit\u00e4t, Reflexion eigener Verhaltens- und Denkweisen, St\u00e4rkung des demokratischen Miteinanders, Sensibilisierung f\u00fcr diskriminierendes und ausgrenzendes Verhalten, Kennenlernen der Besonderheiten verschiedener Kulturkreise, Wahrnehmung der eigenen kulturellen Pr\u00e4gung, Abbau von Vorurteilen und Stereotypen, Akzeptanz und Wertsch\u00e4tzung von Verschiedenheit\/Diversity. F\u00f6rderung von sozialen Kompetenzen, sozialen Engagements sowie der Identit\u00e4ts- und Pers\u00f6nlichkeitsentwicklung in der Gemeinschaft.<\/p>\n<p>Die Ausstellungser\u00f6ffnung fand in der Werkstattgalerie in Berlin statt. Die damit verbundene Theater Inszenierung mit 14 mosambikanischen Darstellerinnen und Darstellern wurde 2013 in Maputo uraufgef\u00fchrt.<\/p>\n<p style=\"text-align: justify;\"><a href=\"http:\/\/identityabloodyromance.com\/wp-content\/uploads\/2014\/12\/Poster.jpg\"><img loading=\"lazy\" class=\"alignleft size-full wp-image-116\" src=\"http:\/\/identityabloodyromance.com\/wp-content\/uploads\/2014\/12\/Poster.jpg\" alt=\"Poster\" width=\"700\" height=\"899\" srcset=\"https:\/\/identityabloodyromance.com\/wp-content\/uploads\/2014\/12\/Poster.jpg 700w, https:\/\/identityabloodyromance.com\/wp-content\/uploads\/2014\/12\/Poster-234x300.jpg 234w, https:\/\/identityabloodyromance.com\/wp-content\/uploads\/2014\/12\/Poster-220x283.jpg 220w\" sizes=\"(max-width: 700px) 100vw, 700px\" \/><\/a><\/p>\n","protected":false},"excerpt":{"rendered":"<p>Wie wirkt sich Migration auf die Gesellschaft und die Identit\u00e4ten der B\u00fcrgerinnen und B\u00fcrger aus? Die Ausstellung betrachtet die lange Geschichte mosambikanisch-deutscher Identit\u00e4ten bis zur Gegenwart. In einem Bogen von 1816 bis heute werden Begegnungen, Motivationen, Interessen und Folgen des mosambikanisch-deutschen Austausches dokumentiert. Verschiedene Aspekte von Identit\u00e4t, zum Beispiel Sprache, Familie, Zugeh\u00f6rigkeitsgef\u00fchl, Profession, Sexualit\u00e4t, \u00f6konomische [&hellip;]<\/p>\n","protected":false},"author":1,"featured_media":0,"parent":0,"menu_order":0,"comment_status":"closed","ping_status":"open","template":"","meta":[],"_links":{"self":[{"href":"https:\/\/identityabloodyromance.com\/index.php?rest_route=\/wp\/v2\/pages\/26"}],"collection":[{"href":"https:\/\/identityabloodyromance.com\/index.php?rest_route=\/wp\/v2\/pages"}],"about":[{"href":"https:\/\/identityabloodyromance.com\/index.php?rest_route=\/wp\/v2\/types\/page"}],"author":[{"embeddable":true,"href":"https:\/\/identityabloodyromance.com\/index.php?rest_route=\/wp\/v2\/users\/1"}],"replies":[{"embeddable":true,"href":"https:\/\/identityabloodyromance.com\/index.php?rest_route=%2Fwp%2Fv2%2Fcomments&post=26"}],"version-history":[{"count":2,"href":"https:\/\/identityabloodyromance.com\/index.php?rest_route=\/wp\/v2\/pages\/26\/revisions"}],"predecessor-version":[{"id":335,"href":"https:\/\/identityabloodyromance.com\/index.php?rest_route=\/wp\/v2\/pages\/26\/revisions\/335"}],"wp:attachment":[{"href":"https:\/\/identityabloodyromance.com\/index.php?rest_route=%2Fwp%2Fv2%2Fmedia&parent=26"}],"curies":[{"name":"wp","href":"https:\/\/api.w.org\/{rel}","templated":true}]}}