{"id":36,"date":"2014-12-29T09:48:58","date_gmt":"2014-12-29T09:48:58","guid":{"rendered":"http:\/\/identityabloodyromance.com\/?page_id=36"},"modified":"2015-01-28T20:22:11","modified_gmt":"2015-01-28T20:22:11","slug":"ausstellung-buchen","status":"publish","type":"page","link":"https:\/\/identityabloodyromance.com\/?page_id=36","title":{"rendered":"AUSSTELLUNG BUCHEN"},"content":{"rendered":"<p><strong>Die Ausstellung setzt sich wie folgt zusammen:\u00a0<\/strong><\/p>\n<p>&#8211; Portr\u00e4tfotos (DIN A0): 10 Zeitzeugen halten jeweils ein Bild in der Hand, das ihre pers\u00f6nliche deutsch-mosambikanische Geschichte symbolisiert.<\/p>\n<p>&#8211; 13 Tablets mit dokumentarischen Kurzfilmen, in denen die Geschichte des Landes beleuchtet wird und sich Zeitzeugen \u00fcber ihre mosambikanisch-deutsche Identit\u00e4t \u00e4u\u00dfern. Die Tablets sind auf 4 Tischen verteilt, zu den Tischen geh\u00f6ren Hocker.<\/p>\n<p>&#8211; Gro\u00dfprojektion einzelner Szenen aus dem gleichnamigen Theaterst\u00fcck \u201eIdentity &#8211; A Bloody Romance\u201c, das auf Interviews mit 50 Zeitzeugen basiert und Aspekte ihrer Geschichte mit theatralen und performativen Mitteln verdichtet und pointiert.<\/p>\n<p><strong>Haben Sie Interesse die Ausstellung zu buchen?<\/strong><br \/>\nZwecks Terminplanung, sowie der Kl\u00e4rung von Details, bitte kontaktieren Sie direkt mit uns in Kontakt:<\/p>\n<p>[contact-form-7 id=&#8221;13&#8243; title=&#8221;Ohne Titel&#8221;]<\/p>\n<p><a href=\"http:\/\/identityabloodyromance.com\/wp-content\/uploads\/2014\/12\/7Asmall.jpg\"><img loading=\"lazy\" class=\"alignleft size-full wp-image-133\" src=\"http:\/\/identityabloodyromance.com\/wp-content\/uploads\/2014\/12\/7Asmall.jpg\" alt=\"7Asmall\" width=\"900\" height=\"700\" srcset=\"https:\/\/identityabloodyromance.com\/wp-content\/uploads\/2014\/12\/7Asmall.jpg 900w, https:\/\/identityabloodyromance.com\/wp-content\/uploads\/2014\/12\/7Asmall-300x233.jpg 300w, https:\/\/identityabloodyromance.com\/wp-content\/uploads\/2014\/12\/7Asmall-220x171.jpg 220w\" sizes=\"(max-width: 900px) 100vw, 900px\" \/><\/a><\/p>\n","protected":false},"excerpt":{"rendered":"<p>Die Ausstellung setzt sich wie folgt zusammen:\u00a0 &#8211; Portr\u00e4tfotos (DIN A0): 10 Zeitzeugen halten jeweils ein Bild in der Hand, das ihre pers\u00f6nliche deutsch-mosambikanische Geschichte symbolisiert. &#8211; 13 Tablets mit dokumentarischen Kurzfilmen, in denen die Geschichte des Landes beleuchtet wird und sich Zeitzeugen \u00fcber ihre mosambikanisch-deutsche Identit\u00e4t \u00e4u\u00dfern. Die Tablets sind auf 4 Tischen verteilt, [&hellip;]<\/p>\n","protected":false},"author":1,"featured_media":0,"parent":0,"menu_order":0,"comment_status":"closed","ping_status":"open","template":"","meta":[],"_links":{"self":[{"href":"https:\/\/identityabloodyromance.com\/index.php?rest_route=\/wp\/v2\/pages\/36"}],"collection":[{"href":"https:\/\/identityabloodyromance.com\/index.php?rest_route=\/wp\/v2\/pages"}],"about":[{"href":"https:\/\/identityabloodyromance.com\/index.php?rest_route=\/wp\/v2\/types\/page"}],"author":[{"embeddable":true,"href":"https:\/\/identityabloodyromance.com\/index.php?rest_route=\/wp\/v2\/users\/1"}],"replies":[{"embeddable":true,"href":"https:\/\/identityabloodyromance.com\/index.php?rest_route=%2Fwp%2Fv2%2Fcomments&post=36"}],"version-history":[{"count":2,"href":"https:\/\/identityabloodyromance.com\/index.php?rest_route=\/wp\/v2\/pages\/36\/revisions"}],"predecessor-version":[{"id":334,"href":"https:\/\/identityabloodyromance.com\/index.php?rest_route=\/wp\/v2\/pages\/36\/revisions\/334"}],"wp:attachment":[{"href":"https:\/\/identityabloodyromance.com\/index.php?rest_route=%2Fwp%2Fv2%2Fmedia&parent=36"}],"curies":[{"name":"wp","href":"https:\/\/api.w.org\/{rel}","templated":true}]}}