{"id":40,"date":"2014-12-29T09:49:50","date_gmt":"2014-12-29T09:49:50","guid":{"rendered":"http:\/\/identityabloodyromance.com\/?page_id=40"},"modified":"2014-12-29T10:41:34","modified_gmt":"2014-12-29T10:41:34","slug":"impressum","status":"publish","type":"page","link":"https:\/\/identityabloodyromance.com\/?page_id=40","title":{"rendered":"IMPRESSUM"},"content":{"rendered":"<p>Haftungshinweise<\/p>\n<p>Die Angaben auf dieser Webseite erfolgen zu allgemeinen Informationszwecken.<br \/>\nAuch wenn die hier zur Verf\u00fcgung gestellten Informationen mit gro\u00dfer Sorgfalt erstellt und gepr\u00fcft wurden, kann keine Garantie f\u00fcr die Richtigkeit, Vollst\u00e4ndigkeit und Aktualit\u00e4t der angebotenen Informationen \u00fcbernommen werden.<br \/>\nTrotz sorgf\u00e4ltiger inhaltlicher Kontrolle wird keine Haftung f\u00fcr die Inhalte externer Links \u00fcbernommen. F\u00fcr den Inhalt der verlinkten Seiten sind ausschlie\u00dflich deren Betreiber verantwortlich.<br \/>\nDas Layout sowie s\u00e4mtliche Abbildungen, Filme und Texte auf der Internetseite sind von Jens Vilela Neumann urheberrechtlich gesch\u00fctzt und ohne vorherige Genehmigung nicht zur anderweitigen Verwendung freigegeben.<br \/>\nBei Zitaten bitte auf die Website www.vilelaneumann.com verweisen. Jens Vilela Neumann sind alle Rechte vorbehalten.<\/p>\n<p>Paradise Garden Production<br \/>\nKastanienallee 32<br \/>\n10435 Berlin<\/p>\n<p>Inhaber: Jens Vilela Neumann<\/p>\n<p>St.-Nr.: 23\/454\/61130<br \/>\nWebsite: Chris van der Blonk<br \/>\nTextberatung: Annett M\u00fcller<br \/>\nPhotos \/ Videos: Jens Vilela Neumann<\/p>\n","protected":false},"excerpt":{"rendered":"<p>Haftungshinweise Die Angaben auf dieser Webseite erfolgen zu allgemeinen Informationszwecken. Auch wenn die hier zur Verf\u00fcgung gestellten Informationen mit gro\u00dfer Sorgfalt erstellt und gepr\u00fcft wurden, kann keine Garantie f\u00fcr die Richtigkeit, Vollst\u00e4ndigkeit und Aktualit\u00e4t der angebotenen Informationen \u00fcbernommen werden. Trotz sorgf\u00e4ltiger inhaltlicher Kontrolle wird keine Haftung f\u00fcr die Inhalte externer Links \u00fcbernommen. F\u00fcr den Inhalt [&hellip;]<\/p>\n","protected":false},"author":1,"featured_media":0,"parent":0,"menu_order":0,"comment_status":"closed","ping_status":"open","template":"","meta":[],"_links":{"self":[{"href":"https:\/\/identityabloodyromance.com\/index.php?rest_route=\/wp\/v2\/pages\/40"}],"collection":[{"href":"https:\/\/identityabloodyromance.com\/index.php?rest_route=\/wp\/v2\/pages"}],"about":[{"href":"https:\/\/identityabloodyromance.com\/index.php?rest_route=\/wp\/v2\/types\/page"}],"author":[{"embeddable":true,"href":"https:\/\/identityabloodyromance.com\/index.php?rest_route=\/wp\/v2\/users\/1"}],"replies":[{"embeddable":true,"href":"https:\/\/identityabloodyromance.com\/index.php?rest_route=%2Fwp%2Fv2%2Fcomments&post=40"}],"version-history":[{"count":1,"href":"https:\/\/identityabloodyromance.com\/index.php?rest_route=\/wp\/v2\/pages\/40\/revisions"}],"predecessor-version":[{"id":109,"href":"https:\/\/identityabloodyromance.com\/index.php?rest_route=\/wp\/v2\/pages\/40\/revisions\/109"}],"wp:attachment":[{"href":"https:\/\/identityabloodyromance.com\/index.php?rest_route=%2Fwp%2Fv2%2Fmedia&parent=40"}],"curies":[{"name":"wp","href":"https:\/\/api.w.org\/{rel}","templated":true}]}}