{"id":42,"date":"2014-12-29T09:50:44","date_gmt":"2014-12-29T09:50:44","guid":{"rendered":"http:\/\/identityabloodyromance.com\/?page_id=42"},"modified":"2015-01-28T21:02:31","modified_gmt":"2015-01-28T21:02:31","slug":"realisiert-durch","status":"publish","type":"page","link":"https:\/\/identityabloodyromance.com\/?page_id=42","title":{"rendered":"REALISIERT DURCH"},"content":{"rendered":"<p><strong>Jens Vilela Neumann<\/strong><\/p>\n<p>wurde 1976 in L\u00f6bau in Sachsen geboren und lebt heute in Berlin. Er studierte \u201eInterkultureller Theatermacher\u201c in Utrecht (Niederlande) und arbeitet als Regisseur, Autor und Filmemacher in den unterschiedlichsten L\u00e4ndern und kulturellen Kontexten. In Mosambik inszenierte er neben \u201eIdentidade \u2013 a Bloody Romance\u201c auch Friedrich D\u00fcrrenmatts \u201eDer Besuch der alten Dame\u201c zum Thema Korruption und David S. Craigs \u201eDanny, King of the Basement\u201c im Teatro Avenida.<\/p>\n<p>Mehr und Neues unter: <a href=\"http:\/\/www.vilelaneumann.com\">www.vilelaneumann.com<\/a><\/p>\n<p><strong>\u00a0Sophie Eliot<\/strong><\/p>\n<p>lebt und arbeitet in Berlin. Sie ist freie Autorin und Nachwuchswissenschaftlerin. Zurzeit schreibt sie ihre Doktorarbeit \u00fcber kuratorische Strategien und Diskurse im Feld der zeitgen\u00f6ssischen afrikanischen Kunst an der Carl von Ossietzky Universit\u00e4t Oldenburg. Sie studierte Kulturarbeit an der Fachhochschule Potsdam und Germanistik in Frankreich.<\/p>\n<p><strong>Cl\u00e1udia Gali<\/strong><\/p>\n<p>studiert derzeit B\u00fchnenbild \/ Szenischer Raum an der Technischen Universit\u00e4t Berlin. Sie konzipierte das B\u00fchnenbild f\u00fcr Jens Vilela Neumanns \u201eIdentity \u2013 a Bloody Romance\u201c und entwickelte die visuelle Kommunikation der dazugeh\u00f6rigen Ausstellung. Sie arbeitet freischaffend f\u00fcr Unternehmen aus der Wirtschaft und dem kulturellen Bereich. Den Bachelorstudiengang Kommunikationsdesign absolvierte sie an der HTW Berlin.<\/p>\n<p><strong>Martin Grega<\/strong><\/p>\n<p>arbeitet seit 2005 als freischaffender Fotograf und Filmemacher. Au\u00dferdem gestaltet er B\u00fchnenbilder mit Projektionen f\u00fcr das Theater und das Ballet. Seine fotografischen und filmischen Arbeiten sind im k\u00fcnstlerischen und kommerziellen Bereich erfolgreich. Bei der Zusammenarbeit mit Jens Vilela Neumann war er neben der Film- und Fotobearbeitung auch beratend und konzeptuell t\u00e4tig.\u00a0Mehr und Neues unter: <a href=\"http:\/\/www.matogrega.com\">www.matogrega.com<\/a><\/p>\n<p><strong>\u00dcbersetzung ins Englische:\u00a0<\/strong><\/p>\n<p>Josephine Drygalla, Katia Fonsaca, Johanna Fromm, Carolina Mazza, Sara Pereira, Kelly Robbins, Anne Spaller<\/p>\n<p><strong>\u00dcbersetzung ins Portugiesische:\u00a0<\/strong><\/p>\n<p>Margarida\u00a0De Sousa<\/p>\n<p><strong>Wir bedanken uns bei:<\/strong><\/p>\n<p>Inhalambi, Matilda, Pablo, Biko, Christa, Dieter Neumann, Ana Correia,\u00a0die Deutschen Botschafter \/ Embaixador Alem\u00e3o Philipp Schauer, Ulrich Kloeckner,\u00a0Nataniel Ngomane (Direktor ECA \/ Director da ECA), Alda Costa, Arminda Reis, Tio Paulino (CCU), AfricAvenir, Berlinda, Mirko Freiwald, Werkstattgalerie, Angela G\u00f6rlich, J\u00f6rg Isermeyer, Kolja Seifert, Uwe Nebe, Machado da Gra\u00e7a, Ulrike Kegler, David Krippendorff, Uta R\u00fcgner, Marie Blanche, Peter Steudtner, KKM, Eckehard Fricke, Manuel Siegert, Dr.\u00a0Mathias Schmauch, Steffi K\u00f6lling, Karin Kessler, M\u00e1rio Ching, Regina Vera Cruz, Jo\u00e3o und allen Freunden, die ihre Geschichte f\u00fcr uns erz\u00e4hlt haben.<\/p>\n<p>Besonderer Dank gilt den Mitgliedern der mosambikanischen R\u00fcckkehrervereine ATMA und AAMA.<\/p>\n<p><strong>Die Ausstellung wurde erm\u00f6glicht durch F\u00f6rderung des Ausw\u00e4rtigem Amtes:<\/strong><\/p>\n<p><a href=\"http:\/\/identityabloodyromance.com\/wp-content\/uploads\/2014\/12\/AktionAfrika-square.jpg\"><img loading=\"lazy\" class=\"alignleft size-full wp-image-142\" src=\"http:\/\/identityabloodyromance.com\/wp-content\/uploads\/2014\/12\/AktionAfrika-square.jpg\" alt=\"Druck\" width=\"600\" height=\"600\" srcset=\"https:\/\/identityabloodyromance.com\/wp-content\/uploads\/2014\/12\/AktionAfrika-square.jpg 600w, https:\/\/identityabloodyromance.com\/wp-content\/uploads\/2014\/12\/AktionAfrika-square-150x150.jpg 150w, https:\/\/identityabloodyromance.com\/wp-content\/uploads\/2014\/12\/AktionAfrika-square-300x300.jpg 300w, https:\/\/identityabloodyromance.com\/wp-content\/uploads\/2014\/12\/AktionAfrika-square-100x100.jpg 100w, https:\/\/identityabloodyromance.com\/wp-content\/uploads\/2014\/12\/AktionAfrika-square-50x50.jpg 50w, https:\/\/identityabloodyromance.com\/wp-content\/uploads\/2014\/12\/AktionAfrika-square-220x220.jpg 220w\" sizes=\"(max-width: 600px) 100vw, 600px\" \/><\/a><\/p>\n<p>&nbsp;<\/p>\n<p>&nbsp;<\/p>\n<p>&nbsp;<\/p>\n<p>&nbsp;<\/p>\n<p>&nbsp;<\/p>\n<p>&nbsp;<\/p>\n<p>&nbsp;<\/p>\n<p>&nbsp;<\/p>\n<p>&nbsp;<\/p>\n<p>&nbsp;<\/p>\n<p>&nbsp;<\/p>\n<p>&nbsp;<\/p>\n<p>&nbsp;<\/p>\n<p>&nbsp;<\/p>\n<p>&nbsp;<\/p>\n<p><strong>In Zusammenarbeit mit:<\/strong><\/p>\n<p><a href=\"http:\/\/identityabloodyromance.com\/wp-content\/uploads\/2014\/12\/Botschafts-Maputo.jpg\"><img loading=\"lazy\" class=\"alignleft size-full wp-image-143\" src=\"http:\/\/identityabloodyromance.com\/wp-content\/uploads\/2014\/12\/Botschafts-Maputo.jpg\" alt=\"Botschafts Maputo\" width=\"600\" height=\"400\" srcset=\"https:\/\/identityabloodyromance.com\/wp-content\/uploads\/2014\/12\/Botschafts-Maputo.jpg 600w, https:\/\/identityabloodyromance.com\/wp-content\/uploads\/2014\/12\/Botschafts-Maputo-300x200.jpg 300w, https:\/\/identityabloodyromance.com\/wp-content\/uploads\/2014\/12\/Botschafts-Maputo-220x147.jpg 220w\" sizes=\"(max-width: 600px) 100vw, 600px\" \/><\/a> <a href=\"http:\/\/identityabloodyromance.com\/wp-content\/uploads\/2014\/12\/Eduardo-Mondlane.jpg\"><img loading=\"lazy\" class=\"alignleft size-full wp-image-144\" src=\"http:\/\/identityabloodyromance.com\/wp-content\/uploads\/2014\/12\/Eduardo-Mondlane.jpg\" alt=\"Eduardo Mondlane\" width=\"600\" height=\"400\" srcset=\"https:\/\/identityabloodyromance.com\/wp-content\/uploads\/2014\/12\/Eduardo-Mondlane.jpg 600w, https:\/\/identityabloodyromance.com\/wp-content\/uploads\/2014\/12\/Eduardo-Mondlane-300x200.jpg 300w, https:\/\/identityabloodyromance.com\/wp-content\/uploads\/2014\/12\/Eduardo-Mondlane-220x147.jpg 220w\" sizes=\"(max-width: 600px) 100vw, 600px\" \/><\/a> <a href=\"http:\/\/identityabloodyromance.com\/wp-content\/uploads\/2014\/12\/goethe-institut.jpg\"><img loading=\"lazy\" class=\"alignleft size-full wp-image-145\" src=\"http:\/\/identityabloodyromance.com\/wp-content\/uploads\/2014\/12\/goethe-institut.jpg\" alt=\"goethe institut\" width=\"600\" height=\"400\" srcset=\"https:\/\/identityabloodyromance.com\/wp-content\/uploads\/2014\/12\/goethe-institut.jpg 600w, https:\/\/identityabloodyromance.com\/wp-content\/uploads\/2014\/12\/goethe-institut-300x200.jpg 300w, https:\/\/identityabloodyromance.com\/wp-content\/uploads\/2014\/12\/goethe-institut-220x147.jpg 220w\" sizes=\"(max-width: 600px) 100vw, 600px\" \/><\/a> <a href=\"http:\/\/identityabloodyromance.com\/wp-content\/uploads\/2014\/12\/ICMA-Logo.jpg\"><img loading=\"lazy\" class=\"alignleft size-full wp-image-146\" src=\"http:\/\/identityabloodyromance.com\/wp-content\/uploads\/2014\/12\/ICMA-Logo.jpg\" alt=\"ICMA Logo\" width=\"600\" height=\"400\" srcset=\"https:\/\/identityabloodyromance.com\/wp-content\/uploads\/2014\/12\/ICMA-Logo.jpg 600w, https:\/\/identityabloodyromance.com\/wp-content\/uploads\/2014\/12\/ICMA-Logo-300x200.jpg 300w, https:\/\/identityabloodyromance.com\/wp-content\/uploads\/2014\/12\/ICMA-Logo-220x147.jpg 220w\" sizes=\"(max-width: 600px) 100vw, 600px\" \/><\/a><\/p>\n<p>&nbsp;<\/p>\n<p>&nbsp;<\/p>\n<p>&nbsp;<\/p>\n<p>&nbsp;<\/p>\n<p>&nbsp;<\/p>\n<p>&nbsp;<\/p>\n","protected":false},"excerpt":{"rendered":"<p>Jens Vilela Neumann wurde 1976 in L\u00f6bau in Sachsen geboren und lebt heute in Berlin. Er studierte \u201eInterkultureller Theatermacher\u201c in Utrecht (Niederlande) und arbeitet als Regisseur, Autor und Filmemacher in den unterschiedlichsten L\u00e4ndern und kulturellen Kontexten. In Mosambik inszenierte er neben \u201eIdentidade \u2013 a Bloody Romance\u201c auch Friedrich D\u00fcrrenmatts \u201eDer Besuch der alten Dame\u201c zum [&hellip;]<\/p>\n","protected":false},"author":1,"featured_media":0,"parent":0,"menu_order":0,"comment_status":"closed","ping_status":"open","template":"","meta":[],"_links":{"self":[{"href":"https:\/\/identityabloodyromance.com\/index.php?rest_route=\/wp\/v2\/pages\/42"}],"collection":[{"href":"https:\/\/identityabloodyromance.com\/index.php?rest_route=\/wp\/v2\/pages"}],"about":[{"href":"https:\/\/identityabloodyromance.com\/index.php?rest_route=\/wp\/v2\/types\/page"}],"author":[{"embeddable":true,"href":"https:\/\/identityabloodyromance.com\/index.php?rest_route=\/wp\/v2\/users\/1"}],"replies":[{"embeddable":true,"href":"https:\/\/identityabloodyromance.com\/index.php?rest_route=%2Fwp%2Fv2%2Fcomments&post=42"}],"version-history":[{"count":2,"href":"https:\/\/identityabloodyromance.com\/index.php?rest_route=\/wp\/v2\/pages\/42\/revisions"}],"predecessor-version":[{"id":339,"href":"https:\/\/identityabloodyromance.com\/index.php?rest_route=\/wp\/v2\/pages\/42\/revisions\/339"}],"wp:attachment":[{"href":"https:\/\/identityabloodyromance.com\/index.php?rest_route=%2Fwp%2Fv2%2Fmedia&parent=42"}],"curies":[{"name":"wp","href":"https:\/\/api.w.org\/{rel}","templated":true}]}}